{"id":11,"date":"2018-09-19T10:47:27","date_gmt":"2018-09-19T08:47:27","guid":{"rendered":"http:\/\/www.steuerberatung-meier.de\/WP\/?page_id=11"},"modified":"2021-03-17T10:18:00","modified_gmt":"2021-03-17T09:18:00","slug":"kanzlei","status":"publish","type":"page","link":"https:\/\/www.steuerberatung-meier.de\/WP\/kanzlei\/","title":{"rendered":"Kanzlei"},"content":{"rendered":"\n<h1><img loading=\"lazy\" class=\"alignnone wp-image-252\" src=\"https:\/\/www.steuerberatung-meier.de\/WP\/wp-content\/uploads\/2018\/11\/Kanzlei-300x67.png\" alt=\"\" width=\"1600\" height=\"360\" srcset=\"https:\/\/www.steuerberatung-meier.de\/WP\/wp-content\/uploads\/2018\/11\/Kanzlei-300x67.png 300w, https:\/\/www.steuerberatung-meier.de\/WP\/wp-content\/uploads\/2018\/11\/Kanzlei-768x173.png 768w, https:\/\/www.steuerberatung-meier.de\/WP\/wp-content\/uploads\/2018\/11\/Kanzlei-1024x230.png 1024w\" sizes=\"(max-width: 1600px) 100vw, 1600px\" \/><\/h1>\n<h1 class=\"_ue\">Vom Rechnungsleger zur eigenen Kanzlei<\/h1>\n<p>&nbsp;<\/p>\n<h4><b>Seit \u00fcber 25 Jahren im Gesch\u00e4ft und 20 Jahre erfolgreiche Steuerberaterin.<\/b><\/h4>\n<p style=\"text-align: justify;\">Nach einem erfolgreich absolvierten Studium und vierj\u00e4hriger Auslandserfahrung begann Evelyn Meier, geborene Locke, Anfang der 90er Jahre ihren Weg zum Steuerberater. Neben ersten selbstst\u00e4ndigen Erfahrungen bei der buchhalterischen Begleitung von Firmen entschied sie sich 1992 f\u00fcr die Aufstiegsfortbildung zum Bilanzbuchhalter. In der nachfolgenden mehrj\u00e4hrigen Anstellung bei einer Wirtschaftspr\u00fcfungs- und Steuerberatungsgesellschaft bereitete sich Evelyn Meier bereits autodidaktisch auf Ihre anvisierte Qualifizierung zur Steuerberaterin vor. Da schwierige F\u00e4lle oft auf ihrem Schreibtisch landeten, durchforschte sie ehrgeizig Gesetzesb\u00fccher, um anschlie\u00dfend handfeste L\u00f6sungsvorschl\u00e4ge vorzulegen.<\/p>\n<p style=\"text-align: justify;\">Im Jahr 1998 erlangte sie den Titel der Steuerberaterin und arbeitete freiberuflich f\u00fcr eigene Mandanten. Evelyn Meier stand als angestellte Gesch\u00e4ftsf\u00fchrerin einer Wirtschaftspr\u00fcfungs- und Steuerberatungsgesellschaft vor. Sp\u00e4ter \u00fcbernahm sie die Leitung des steuerlichen Bereichs einer Rechtsanwaltsgesellschaft in Erfurt und war in einer internationalen Steuerberatungsgesellschaft in Leipzig t\u00e4tig.<\/p>\n<p style=\"text-align: justify;\">In Chemnitz-Einsiedel er\u00f6ffnete sie 2005 ihre eigene Kanzlei. Seitdem ist die Kanzlei st\u00e4ndig gewachsen, vor allem durch Empfehlungen zufriedener Mandanten. Gemeinsam mit ihren Mitarbeitern begleitet Steuerberaterin Evelyn Meier bis heute Mandanten aus ganz Deutschland.<\/p>\n<p>&nbsp;<\/p>\n<div class=\"row\"><\/div> <div class=\"col-md-4\">\n<p><img loading=\"lazy\" class=\"size-full wp-image-124 alignleft\" src=\"https:\/\/www.steuerberatung-meier.de\/WP\/wp-content\/uploads\/2018\/09\/Steuerberaterin-Evelyn-Meier.jpg\" alt=\"\" width=\"133\" height=\"148\"><\/p>\n<p><b>Dipl.-\u00d6k.<br>Evelyn Meier<\/b><br>Steuerberater<br>Bilanzbuchhalter<br>Controller<\/div><div class=\"col-md-4\">\n<p><img loading=\"lazy\" class=\"size-full wp-image-125 alignleft\" src=\"https:\/\/www.steuerberatung-meier.de\/WP\/wp-content\/uploads\/2018\/09\/kb.jpg\" alt=\"\" width=\"133\" height=\"148\"><\/p>\n<p><b>Katrin Bonitz<\/b><br>Steuerfachangestellte<br>B\u00fcrofachkauffrau<\/div>\n\n<div class=\"col-md-4\"><img loading=\"lazy\" class=\"alignleft wp-image-73\" src=\"https:\/\/www.steuerberatung-meier.de\/WP\/wp-content\/uploads\/2018\/09\/Meinhold.jpg\" alt=\"\" width=\"125\" height=\"148\"><\/p>\n<p><b>Katja Meinhold<\/b><br>Steuerfachangestellte<br>Controller<\/div>\n<div class=\"row\"><\/div> <div class=\"col-md-4\">\n<p><img loading=\"lazy\" class=\"alignleft wp-image-122\" src=\"https:\/\/www.steuerberatung-meier.de\/WP\/wp-content\/uploads\/2018\/09\/sachsenweger.jpg\" alt=\"\" width=\"135\" height=\"148\"><\/p>\n<p><b>Ingrid Sachsenweger<\/b><br>Bilanzbuchhalter<\/div>\n\n<div class=\"col-md-4\"><img loading=\"lazy\" class=\"wp-image-123 size-full alignleft\" src=\"https:\/\/www.steuerberatung-meier.de\/WP\/wp-content\/uploads\/2018\/09\/sm.jpg\" alt=\"\" width=\"133\" height=\"148\"><\/p>\n<p><b>Sabine Br\u00fcckner, B.Sc.<\/b><br>Marketing<br>Controller<\/div>\n<p>&nbsp;<\/p>\n","protected":false},"excerpt":{"rendered":"<p>Vom Rechnungsleger zur eigenen Kanzlei &nbsp; Seit \u00fcber 25 Jahren im Gesch\u00e4ft und 20 Jahre erfolgreiche Steuerberaterin. Nach einem erfolgreich absolvierten Studium und vierj\u00e4hriger Auslandserfahrung begann Evelyn Meier, geborene Locke, Anfang der 90er Jahre ihren Weg zum Steuerberater. Neben ersten &hellip; <a class=\"kt-excerpt-readmore more-link\" href=\"https:\/\/www.steuerberatung-meier.de\/WP\/kanzlei\/\">Read More<\/a><\/p>\n","protected":false},"author":1,"featured_media":0,"parent":0,"menu_order":0,"comment_status":"closed","ping_status":"closed","template":"","meta":[],"_links":{"self":[{"href":"https:\/\/www.steuerberatung-meier.de\/WP\/wp-json\/wp\/v2\/pages\/11"}],"collection":[{"href":"https:\/\/www.steuerberatung-meier.de\/WP\/wp-json\/wp\/v2\/pages"}],"about":[{"href":"https:\/\/www.steuerberatung-meier.de\/WP\/wp-json\/wp\/v2\/types\/page"}],"author":[{"embeddable":true,"href":"https:\/\/www.steuerberatung-meier.de\/WP\/wp-json\/wp\/v2\/users\/1"}],"replies":[{"embeddable":true,"href":"https:\/\/www.steuerberatung-meier.de\/WP\/wp-json\/wp\/v2\/comments?post=11"}],"version-history":[{"count":27,"href":"https:\/\/www.steuerberatung-meier.de\/WP\/wp-json\/wp\/v2\/pages\/11\/revisions"}],"predecessor-version":[{"id":268,"href":"https:\/\/www.steuerberatung-meier.de\/WP\/wp-json\/wp\/v2\/pages\/11\/revisions\/268"}],"wp:attachment":[{"href":"https:\/\/www.steuerberatung-meier.de\/WP\/wp-json\/wp\/v2\/media?parent=11"}],"curies":[{"name":"wp","href":"https:\/\/api.w.org\/{rel}","templated":true}]}}