{"id":13,"date":"2018-09-19T10:47:53","date_gmt":"2018-09-19T08:47:53","guid":{"rendered":"http:\/\/www.steuerberatung-meier.de\/WP\/?page_id=13"},"modified":"2021-03-17T10:18:30","modified_gmt":"2021-03-17T09:18:30","slug":"leistungen","status":"publish","type":"page","link":"https:\/\/www.steuerberatung-meier.de\/WP\/leistungen\/","title":{"rendered":"Leistungen"},"content":{"rendered":"<h1><img loading=\"lazy\" class=\"alignnone wp-image-235 size-full\" src=\"https:\/\/www.steuerberatung-meier.de\/WP\/wp-content\/uploads\/2018\/11\/Unbenannt-1.png\" alt=\"\" width=\"1600\" height=\"360\" srcset=\"https:\/\/www.steuerberatung-meier.de\/WP\/wp-content\/uploads\/2018\/11\/Unbenannt-1.png 1600w, https:\/\/www.steuerberatung-meier.de\/WP\/wp-content\/uploads\/2018\/11\/Unbenannt-1-300x68.png 300w, https:\/\/www.steuerberatung-meier.de\/WP\/wp-content\/uploads\/2018\/11\/Unbenannt-1-768x173.png 768w, https:\/\/www.steuerberatung-meier.de\/WP\/wp-content\/uploads\/2018\/11\/Unbenannt-1-1024x230.png 1024w\" sizes=\"(max-width: 1600px) 100vw, 1600px\" \/><\/h1>\n<h1 class=\"_ue\">Was wir f\u00fcr Sie leisten<\/h1>\n<div class=\"_spalte1\">\n<h4><b>Warum gerade zu uns? <\/b><b>7 Gr\u00fcnde<\/b><\/h4>\n<ol>\n<li>Wir begleiten und beraten Firmenkunden jeder Gr\u00f6\u00dfe, Branche und Rechtsform sowie Privatkunden.<\/li>\n<li>Wir sind uns der Verantwortung f\u00fcr Ihr Geld sehr bewusst. Wir \u00fcbernehmen den Kontakt mit dem Finanzamt sowie weiteren Beh\u00f6rden und setzen uns f\u00fcr Ihre Rechte ein.<\/li>\n<li>Wir bieten Ihnen ein faires Preis-Leistungsverh\u00e4ltnis.<\/li>\n<li>Wir sind zeitlich und r\u00e4umlich flexibel. Termine k\u00f6nnen jederzeit auch au\u00dferhalb der Gesch\u00e4ftszeiten und bundesweit vereinbart werden.<\/li>\n<li>Wir lassen in unsere ganzheitliche Beratung viele Jahre Berufs- und Lebenserfahrung einflie\u00dfen.<\/li>\n<li>Wir legen gro\u00dfen Wert auf pers\u00f6nlichen Kontakt zu unseren Mandanten. Selbstverst\u00e4ndlich sind feste Ansprechpartner, kurze Reaktionszeiten sowie die Bed\u00fcrfnisse der Mandanten individuell aufzunehmen und zu analysieren.<\/li>\n<li>Die positiven R\u00fcckmeldungen unserer Kunden spornen uns an, noch besser zu sein. Auch Kritik nehmen wir gern an und verarbeiten sie.<\/li>\n<\/ol>\n<p>Unsere steuerliche Beratung \u00fcben wir individuell auf Sie zugeschnitten und mit wirtschaftlicher Weitsicht aus.<\/p>\n<h4><b>Unsere Kernkompetenzen<\/b><\/h4>\n<p>Steuerdeklarationsberatung &#8211; Wir bieten Ihnen unser Fachwissen.<br \/>\nWir helfen Ihnen bei der Erf\u00fcllung der Steuererkl\u00e4rungspflichten und bei der Erstellung der aus der Buchf\u00fchrung gewonnenen Steuer- und Handelsbilanzen.<\/p>\n<p>Steuerrechtsdurchsetzungsberatung &#8211; Wir bieten Ihnen unseren Schutz.<br \/>\nWir setzen uns f\u00fcr Sie mit der Finanzbeh\u00f6rde auseinander. Sei es beim Erarbeiten von Rechtsbehelfen oder Durchsetzung bei Betriebspr\u00fcfungen.<\/p>\n<p>Steuergestaltungsberatung &#8211; Wir bieten Ihnen unsere Kreativit\u00e4t.<br \/>\nWir ermitteln die Steuerwirkungen Ihrer geplanten T\u00e4tigkeiten und geben Empfehlungen f\u00fcr steuerlich optimale Gestaltungen.<\/p>\n<h4><b>Unser Leistungsspektrum<\/b><\/h4>\n<div class=\"row\"><div class=\"col-md-4\">\n<div class=\"eds-animate edsanimate-sis-hidden \" data-eds-entry-animation=\"fadeIn\" data-eds-entry-delay=\"0\" data-eds-entry-duration=\"0.5\" data-eds-entry-timing=\"linear\" data-eds-exit-animation=\"\" data-eds-exit-delay=\"\" data-eds-exit-duration=\"\" data-eds-exit-timing=\"\" data-eds-repeat-count=\"1\" data-eds-keep=\"yes\" data-eds-animate-on=\"scroll\" data-eds-scroll-offset=\"75\">\n<h5 style=\"color: #00478b;\"><strong>Steuerberatung<\/strong><\/h5>\n<ul>\n<li>Finanz- und Lohnbuchhaltung<\/li>\n<li>Jahresabschluss<\/li>\n<li>Steuererkl\u00e4rung und Steuerrechtsdurchsetzung<\/li>\n<li>Laufende Steuerberatung<\/li>\n<li>Begleitung von Betriebspr\u00fcfungen<\/li>\n<li>Steuerstruktur- und Optimierungsberatung<\/li>\n<li>Steuerliche Gutachten<\/li>\n<\/ul>\n<\/div>\n<\/div><div class=\"col-md-4\">\n<div class=\"eds-animate edsanimate-sis-hidden \" data-eds-entry-animation=\"fadeIn\" data-eds-entry-delay=\"0.5\" data-eds-entry-duration=\"0.5\" data-eds-entry-timing=\"linear\" data-eds-exit-animation=\"\" data-eds-exit-delay=\"\" data-eds-exit-duration=\"\" data-eds-exit-timing=\"\" data-eds-repeat-count=\"1\" data-eds-keep=\"yes\" data-eds-animate-on=\"scroll\" data-eds-scroll-offset=\"75\">\n<h5><strong><span style=\"color: #00478b;\">Unternehmensberatung<\/span><\/strong><\/h5>\n<ul>\n<li>Existenzgr\u00fcndungsberatung und Aufbauberatung<\/li>\n<li>Finanzierungsberatung, Teilnahme an Kreditverhandlungen<\/li>\n<li>Krisenbew\u00e4ltigung<\/li>\n<li>Unternehmensnachfolge<\/li>\n<li>Private Verm\u00f6gensberatung<\/li>\n<\/ul>\n<\/div>\n<\/div><div class=\"col-md-4\"><div class=\"eds-animate edsanimate-sis-hidden \" data-eds-entry-animation=\"fadeIn\" data-eds-entry-delay=\"1\" data-eds-entry-duration=\"0.5\" data-eds-entry-timing=\"linear\" data-eds-exit-animation=\"\" data-eds-exit-delay=\"\" data-eds-exit-duration=\"\" data-eds-exit-timing=\"\" data-eds-repeat-count=\"1\" data-eds-keep=\"yes\" data-eds-animate-on=\"scroll\" data-eds-scroll-offset=\"75\">\n<h5><strong><span style=\"color: #00478b;\">Controlling<\/span><\/strong><\/h5>\n<ul>\n<li>Betriebswirtschaftliche Beratung<\/li>\n<li>Planung (Investitionen, Umsatz, Kosten, Ertrag, Liquidit\u00e4t, Rentabilit\u00e4t etc.)<\/li>\n<li>Kalkulation, Kostenstellenrechnung<\/li>\n<li>Vergleichsrechnungen, Analysen<\/li>\n<li>Entscheidungsberatung<\/li>\n<\/ul>\n<\/div><\/div><\/div>\n<\/div>\n<div class=\"_spalte1\">\n<p>Ben\u00f6tigen Sie fachliche Beratung in angrenzenden Themengebieten? Wir verf\u00fcgen \u00fcber ein ausgew\u00e4hltes Netzwerk aus erfahrenen Experten und arbeiten eng mit Rechtsanw\u00e4lten, Notaren und Unternehmensberatern zusammen.<\/p>\n<\/div>\n","protected":false},"excerpt":{"rendered":"<p>Was wir f\u00fcr Sie leisten Warum gerade zu uns? 7 Gr\u00fcnde Wir begleiten und beraten Firmenkunden jeder Gr\u00f6\u00dfe, Branche und Rechtsform sowie Privatkunden. Wir sind uns der Verantwortung f\u00fcr Ihr Geld sehr bewusst. Wir \u00fcbernehmen den Kontakt mit dem Finanzamt &hellip; <a class=\"kt-excerpt-readmore more-link\" href=\"https:\/\/www.steuerberatung-meier.de\/WP\/leistungen\/\">Read More<\/a><\/p>\n","protected":false},"author":1,"featured_media":0,"parent":0,"menu_order":0,"comment_status":"closed","ping_status":"closed","template":"","meta":[],"_links":{"self":[{"href":"https:\/\/www.steuerberatung-meier.de\/WP\/wp-json\/wp\/v2\/pages\/13"}],"collection":[{"href":"https:\/\/www.steuerberatung-meier.de\/WP\/wp-json\/wp\/v2\/pages"}],"about":[{"href":"https:\/\/www.steuerberatung-meier.de\/WP\/wp-json\/wp\/v2\/types\/page"}],"author":[{"embeddable":true,"href":"https:\/\/www.steuerberatung-meier.de\/WP\/wp-json\/wp\/v2\/users\/1"}],"replies":[{"embeddable":true,"href":"https:\/\/www.steuerberatung-meier.de\/WP\/wp-json\/wp\/v2\/comments?post=13"}],"version-history":[{"count":27,"href":"https:\/\/www.steuerberatung-meier.de\/WP\/wp-json\/wp\/v2\/pages\/13\/revisions"}],"predecessor-version":[{"id":269,"href":"https:\/\/www.steuerberatung-meier.de\/WP\/wp-json\/wp\/v2\/pages\/13\/revisions\/269"}],"wp:attachment":[{"href":"https:\/\/www.steuerberatung-meier.de\/WP\/wp-json\/wp\/v2\/media?parent=13"}],"curies":[{"name":"wp","href":"https:\/\/api.w.org\/{rel}","templated":true}]}}