{"id":211,"date":"2018-09-21T12:23:08","date_gmt":"2018-09-21T10:23:08","guid":{"rendered":"https:\/\/www.steuerberatung-meier.de\/WP\/?page_id=211"},"modified":"2018-09-21T12:23:08","modified_gmt":"2018-09-21T10:23:08","slug":"impressum","status":"publish","type":"page","link":"https:\/\/www.steuerberatung-meier.de\/WP\/impressum\/","title":{"rendered":"Impressum"},"content":{"rendered":"<div class=\"_spalte1\">Verantwortlich f\u00fcr den vorliegenden Internetauftritt:<\/p>\n<p>Dipl.-\u00d6k.<br \/>\nEvelyn Meier<br \/>\nSteuerberaterin<br \/>\nNiederwaldstra\u00dfe 3<br \/>\n09123 Chemnitz<br \/>\nTel. 037209 69566<br \/>\nFax 037209 70672<br \/>\nE-Mail <a href=\"mailto:evelyn-meier-stb@web.de\">evelyn-meier-stb@web.de<\/a><br \/>\n<a href=\"http:\/\/www.steuerberatung-meier.de\" target=\"_blank\" rel=\"noopener\">www.steuerberatung-meier.de<\/a><\/p>\n<p>USt.-Id.: DE245744905<br \/>\nAmtsgericht Chemnitz<\/p>\n<p><b>Inhaltlich verantwortlich:<br \/>\n<\/b> Evelyn Meier, Tel. 037209 69566, <a href=\"mailto:evelyn-meier-stb@web.de\">evelyn-meier-stb@web.de<\/a><\/p>\n<p><b>Steuerberater:<\/b><br \/>\nEvelyn Meier ist Mitglied der Steuerberaterkammer Sachsen. (Anschrift: Emil-Fuchs-Str. 2, 04105 Leipzig)<\/p>\n<p>Die gesetzliche Berufsbezeichnung &#8222;Steuerberater&#8220; wurde in der Bundesrepublik Deutschland verliehen. Der Berufsstand der Steuerberater unterliegt im Wesentlichen den nachstehenden berufsrechtlichen Regelungen:<\/p>\n<ul>\n<li>Steuerberatungsgesetz (StBerG)<\/li>\n<li>Durchf\u00fchrungsverordnungen zum Steuerberatungsgesetz (DVStB)<\/li>\n<li>Berufsordnung (BOStB)<\/li>\n<li>Steuerberatergeb\u00fchrenverordnung (StBGebV)<\/li>\n<\/ul>\n<p>Die aktuellen Gesetzestexte sind auf den Internetseiten der Bundessteuerberaterkammer unter www.bstbk.de abrufbar. Unter dem Men\u00fcpunkt &#8222;Infomaterial&#8220; sind die berufsrechtlichen Regelungen in aktueller Fassung einsehbar.<\/p>\n<\/div>\n","protected":false},"excerpt":{"rendered":"<p>Verantwortlich f\u00fcr den vorliegenden Internetauftritt: Dipl.-\u00d6k. Evelyn Meier Steuerberaterin Niederwaldstra\u00dfe 3 09123 Chemnitz Tel. 037209 69566 Fax 037209 70672 E-Mail evelyn-meier-stb@web.de www.steuerberatung-meier.de USt.-Id.: DE245744905 Amtsgericht Chemnitz Inhaltlich verantwortlich: Evelyn Meier, Tel. 037209 69566, evelyn-meier-stb@web.de Steuerberater: Evelyn Meier ist Mitglied der &hellip; <a class=\"kt-excerpt-readmore more-link\" href=\"https:\/\/www.steuerberatung-meier.de\/WP\/impressum\/\">Read More<\/a><\/p>\n","protected":false},"author":1,"featured_media":0,"parent":0,"menu_order":0,"comment_status":"closed","ping_status":"closed","template":"","meta":[],"_links":{"self":[{"href":"https:\/\/www.steuerberatung-meier.de\/WP\/wp-json\/wp\/v2\/pages\/211"}],"collection":[{"href":"https:\/\/www.steuerberatung-meier.de\/WP\/wp-json\/wp\/v2\/pages"}],"about":[{"href":"https:\/\/www.steuerberatung-meier.de\/WP\/wp-json\/wp\/v2\/types\/page"}],"author":[{"embeddable":true,"href":"https:\/\/www.steuerberatung-meier.de\/WP\/wp-json\/wp\/v2\/users\/1"}],"replies":[{"embeddable":true,"href":"https:\/\/www.steuerberatung-meier.de\/WP\/wp-json\/wp\/v2\/comments?post=211"}],"version-history":[{"count":1,"href":"https:\/\/www.steuerberatung-meier.de\/WP\/wp-json\/wp\/v2\/pages\/211\/revisions"}],"predecessor-version":[{"id":212,"href":"https:\/\/www.steuerberatung-meier.de\/WP\/wp-json\/wp\/v2\/pages\/211\/revisions\/212"}],"wp:attachment":[{"href":"https:\/\/www.steuerberatung-meier.de\/WP\/wp-json\/wp\/v2\/media?parent=211"}],"curies":[{"name":"wp","href":"https:\/\/api.w.org\/{rel}","templated":true}]}}