{"id":5,"date":"2018-09-19T10:39:40","date_gmt":"2018-09-19T08:39:40","guid":{"rendered":"http:\/\/www.steuerberatung-meier.de\/WP\/?page_id=5"},"modified":"2018-11-07T11:43:57","modified_gmt":"2018-11-07T10:43:57","slug":"home","status":"publish","type":"page","link":"https:\/\/www.steuerberatung-meier.de\/WP\/","title":{"rendered":"Startseite"},"content":{"rendered":"<p><img loading=\"lazy\" class=\"alignnone wp-image-221\" src=\"https:\/\/www.steuerberatung-meier.de\/WP\/wp-content\/uploads\/2018\/11\/Wolken-300x68.jpg\" alt=\"\" width=\"1593\" height=\"360\" srcset=\"https:\/\/www.steuerberatung-meier.de\/WP\/wp-content\/uploads\/2018\/11\/Wolken-300x68.jpg 300w, https:\/\/www.steuerberatung-meier.de\/WP\/wp-content\/uploads\/2018\/11\/Wolken-768x174.jpg 768w, https:\/\/www.steuerberatung-meier.de\/WP\/wp-content\/uploads\/2018\/11\/Wolken-1024x231.jpg 1024w, https:\/\/www.steuerberatung-meier.de\/WP\/wp-content\/uploads\/2018\/11\/Wolken.jpg 1920w\" sizes=\"(max-width: 1593px) 100vw, 1593px\" \/><\/p>\n<div class=\"row\"> <div class=\"col-md-8\">\n<h1 style=\"text-align: left;\">Willkommen bei der Steuerberatung Meier in Chemnitz<\/h1>\n<div><\/div>\n<p style=\"text-align: justify;\">Die unternehmerischen und pers\u00f6nlichen Verh\u00e4ltnisse und Entscheidungen unserer Mandanten im steten Wandel der Steuerpolitik zu begleiten, ist unsere t\u00e4gliche Herausforderung. In individuellen Beratungen setzen wir unser Fachwissen f\u00fcr Sie ein, indem wir sorgf\u00e4ltig steuerliche Auswirkungen f\u00fcr Sie analysieren und planen. Wir optimieren Ihre Steuern sachlich, kritisch und kompetent. Vergangenes nutzbringend auswerten, Gegenw\u00e4rtiges beeinflussen und Zuk\u00fcnftiges gestalten &#8211; das ist unser Anspruch an eine effiziente Steuerberatung. Gern begleiten wir Sie auf Ihrem Weg, denn unser Ziel ist Ihr Erfolg.<\/p>\n<p>&nbsp;<\/p>\n<h4 style=\"text-align: left;\"><b>Erfolgreich im <\/b><b>&#8218;Steuerdschungel&#8216;<\/b><b>?<\/b><\/h4>\n<p style=\"text-align: justify;\"><img loading=\"lazy\" class=\"size-medium wp-image-222 alignleft\" src=\"https:\/\/www.steuerberatung-meier.de\/WP\/wp-content\/uploads\/2018\/11\/Labyrint-300x200.png\" alt=\"\" width=\"300\" height=\"200\" srcset=\"https:\/\/www.steuerberatung-meier.de\/WP\/wp-content\/uploads\/2018\/11\/Labyrint-300x200.png 300w, https:\/\/www.steuerberatung-meier.de\/WP\/wp-content\/uploads\/2018\/11\/Labyrint.png 639w\" sizes=\"(max-width: 300px) 100vw, 300px\" \/>Bei \u00fcber 40 Steuerarten, 170 Steuergesetzen und 2.600 Paragrafen fragt sich der deutsche B\u00fcrger, wie er sein hart verdientes Geld vor zu viel Schwund sch\u00fctzen kann. Wer neben der m\u00fchseligen Aneignung steuerfachlicher Fertigkeiten seinen eigentlichen Brotverdienst nicht vernachl\u00e4ssigen will, dem empfiehlt sich die Dienste eines Steuerberaters in Anspruch zu nehmen. Aber auf der Suche nach dem richtigen kann man sich auch verirren. Versuchen Sie es doch mit uns.<br \/>\nWir beschreiten mit Ihnen den optimalen Weg im &#8222;Steuerdschungel&#8220;. Wir behalten den \u00dcberblick und finden Antwort auf all Ihre Fragen.<\/p>\n<h4 style=\"text-align: left;\"><b>Erfolg l\u00e4sst sich steuern!<\/b><\/h4>\n<p style=\"text-align: justify;\">Als Steuerexperten sehen wir uns berufen, Ihnen beim Steuersparen zu helfen. Das Steuern \u00fcbernehmen wir und Sie gewinnen. Sie k\u00f6nnen sich auf uns verlassen &#8211; wir geben unser Bestes.<\/p>\n<p style=\"text-align: justify;\">Jedes Jahr aufs Neue nehmen wir Ihnen die &#8218;Steuerlast&#8216;. Wir bringen Ordnung in das Steuerchaos und hauchen Ihren Zahlen Leben ein. Als Steuerberater \u00fcbersetzen wir f\u00fcr Sie graue Zahlen in lohnendes Handeln. Wir suchen und finden den versteckten, den steilen, manchmal verwinkelten Pfad, der zum Gipfel f\u00fchrt, wo immer er auch sei. Wir steuern Steuern anders: freier, unternehmerischer, kreativer.<\/p>\n<p style=\"text-align: justify;\">Legen Sie Ihre Zahlen in unsere H\u00e4nde. Wir unterst\u00fctzen Sie mit unseren Dienstleistungen und unserem Fachwissen, damit Sie mehr Freir\u00e4ume f\u00fcr die Umsetzung Ihrer eigentlichen beruflichen Aufgaben haben. Gern \u00fcbernehmen wir die f\u00fcr Sie l\u00e4stigen Aufgaben, wie Zahlen f\u00fcr die Buchf\u00fchrung und Bilanz zu filtern, zu ordnen, zu transportieren. Schauen Sie positiv in Ihre wirtschaftliche Zukunft &#8211; mit Ihrem Steuerberater an der Seite.<\/p>\n<p style=\"text-align: left;\">Ihre flexiblen Partner f\u00fcr Steuer- und Wirtschaftsberatung<\/p>\n<p style=\"text-align: left;\">Steuerberatung Meier<\/p>\n<\/div><div class=\"col-md-4\"><div class='content-column full_width'><div style=\"padding-left:50px;\"><div style=\"float: right;\">\n<h4>F\u00fcr Studenten:<\/h4>\n<div class=\"foogallery foogallery-container foogallery-thumbnail foogallery-single-thumbnail foogallery-lightbox-none fg-left fg-thumbnail fg-light fg-loaded-fade-in fg-caption-hover fg-hover-fade fg-ready\" id=\"foogallery-gallery-89\" data-foogallery=\"{&quot;item&quot;:{&quot;showCaptionTitle&quot;:true,&quot;showCaptionDescription&quot;:true},&quot;lazy&quot;:true,&quot;src&quot;:&quot;data-src-fg&quot;,&quot;srcset&quot;:&quot;data-srcset-fg&quot;}\" data-fg-common-fields=\"1\" >\r\n    <div class=\"fg-item\"><figure class=\"fg-item-inner\"><a href=\"https:\/\/www.steuerberatung-meier.de\/WP\/51-2\/\" data-caption-desc=\"Sie haben bereits eine abgeschlossene Berufsausbildung? Dann k\u00f6nnen Sie eine Menge Steuern sparen ... \" data-attachment-id=\"98\" rel=\"lightbox[89]\" class=\"fg-thumb\"><span class=\"fg-image-wrap\"><img width=\"200\" height=\"200\" data-src-fg=\"https:\/\/www.steuerberatung-meier.de\/WP\/wp-content\/uploads\/cache\/2018\/09\/student-3500990_1920\/844629942.jpg\" class=\"fg-image\" \/><\/span><\/a><figcaption class=\"fg-caption\"><div class=\"fg-caption-inner\"><div class=\"fg-caption-desc\">Sie haben bereits eine abgeschlossene Berufsausbildung? Dann k\u00f6nnen Sie eine Menge Steuern sparen ... <\/div><\/div><\/figcaption><\/figure><div class=\"fg-loader\"><\/div><\/div>    <div class=\"fg-st-hidden\">\r\n        <\/div>\r\n<\/div>\r\n\n<h4>F\u00fcr Kapitalanleger:<\/h4>\n<div class=\"foogallery foogallery-container foogallery-thumbnail foogallery-single-thumbnail foogallery-lightbox-none fg-left fg-thumbnail fg-light fg-loaded-fade-in fg-caption-hover fg-hover-fade fg-ready\" id=\"foogallery-gallery-100\" data-foogallery=\"{&quot;item&quot;:{&quot;showCaptionTitle&quot;:true,&quot;showCaptionDescription&quot;:true},&quot;lazy&quot;:true,&quot;src&quot;:&quot;data-src-fg&quot;,&quot;srcset&quot;:&quot;data-srcset-fg&quot;}\" data-fg-common-fields=\"1\" >\r\n    <div class=\"fg-item\"><figure class=\"fg-item-inner\"><a href=\"https:\/\/www.steuerberatung-meier.de\/WP\/fuer-kapitalanleger-warum-noch-zinsen-in-der-steuererklaerung-angeben-wenn-es-doch-die-abgeltungssteuer-gibt-das-kann-viele-vorteile-fuer-sie-haben\/\" data-caption-desc=\"Warum noch Zinsen in der Steuererkl\u00e4rung angeben, wenn es doch die Abgeltungssteuer gibt? Das kann viele Vorteile f\u00fcr Sie haben ... \" data-attachment-id=\"104\" rel=\"lightbox[100]\" class=\"fg-thumb\"><span class=\"fg-image-wrap\"><img width=\"200\" height=\"200\" data-src-fg=\"https:\/\/www.steuerberatung-meier.de\/WP\/wp-content\/uploads\/cache\/2018\/09\/money-26962345_1920\/1905885726.jpg\" class=\"fg-image\" \/><\/span><\/a><figcaption class=\"fg-caption\"><div class=\"fg-caption-inner\"><div class=\"fg-caption-desc\">Warum noch Zinsen in der Steuererkl\u00e4rung angeben, wenn es doch die Abgeltungssteuer gibt? Das kann viele Vorteile f\u00fcr Sie haben ... <\/div><\/div><\/figcaption><\/figure><div class=\"fg-loader\"><\/div><\/div>    <div class=\"fg-st-hidden\">\r\n        <\/div>\r\n<\/div>\r\n\n<h4>F\u00fcr Eltern:<\/h4>\n<div class=\"foogallery foogallery-container foogallery-thumbnail foogallery-single-thumbnail foogallery-lightbox-none fg-left fg-thumbnail fg-light fg-loaded-fade-in fg-caption-hover fg-hover-fade fg-ready\" id=\"foogallery-gallery-91\" data-foogallery=\"{&quot;item&quot;:{&quot;showCaptionTitle&quot;:true,&quot;showCaptionDescription&quot;:true},&quot;lazy&quot;:true,&quot;src&quot;:&quot;data-src-fg&quot;,&quot;srcset&quot;:&quot;data-srcset-fg&quot;}\" data-fg-common-fields=\"1\" >\r\n    <div class=\"fg-item\"><figure class=\"fg-item-inner\"><a href=\"https:\/\/www.steuerberatung-meier.de\/WP\/fuer-eltern-viele-patchwork-familien-beziehen-seit-jahren-zu-wenig-kindergeld-das-muss-nicht-sein-wir-helfen-weiter\/\" data-caption-desc=\"Viele Patchwork-Familien beziehen seit Jahren zu wenig Kindergeld. Das muss nicht sein - wir helfen weiter ... \" data-attachment-id=\"93\" rel=\"lightbox[91]\" class=\"fg-thumb\"><span class=\"fg-image-wrap\"><img width=\"200\" height=\"200\" data-src-fg=\"https:\/\/www.steuerberatung-meier.de\/WP\/wp-content\/uploads\/cache\/2018\/09\/24946512-Junge-Familie-Gr\u00f6\u00dfe-M-5-Credits\/3206987969.jpg\" class=\"fg-image\" \/><\/span><\/a><figcaption class=\"fg-caption\"><div class=\"fg-caption-inner\"><div class=\"fg-caption-desc\">Viele Patchwork-Familien beziehen seit Jahren zu wenig Kindergeld. Das muss nicht sein - wir helfen weiter ... <\/div><\/div><\/figcaption><\/figure><div class=\"fg-loader\"><\/div><\/div>    <div class=\"fg-st-hidden\">\r\n        <\/div>\r\n<\/div>\r\n\n<\/div><\/div><\/div><\/div><\/div>\n","protected":false},"excerpt":{"rendered":"","protected":false},"author":1,"featured_media":0,"parent":0,"menu_order":0,"comment_status":"closed","ping_status":"closed","template":"","meta":[],"_links":{"self":[{"href":"https:\/\/www.steuerberatung-meier.de\/WP\/wp-json\/wp\/v2\/pages\/5"}],"collection":[{"href":"https:\/\/www.steuerberatung-meier.de\/WP\/wp-json\/wp\/v2\/pages"}],"about":[{"href":"https:\/\/www.steuerberatung-meier.de\/WP\/wp-json\/wp\/v2\/types\/page"}],"author":[{"embeddable":true,"href":"https:\/\/www.steuerberatung-meier.de\/WP\/wp-json\/wp\/v2\/users\/1"}],"replies":[{"embeddable":true,"href":"https:\/\/www.steuerberatung-meier.de\/WP\/wp-json\/wp\/v2\/comments?post=5"}],"version-history":[{"count":51,"href":"https:\/\/www.steuerberatung-meier.de\/WP\/wp-json\/wp\/v2\/pages\/5\/revisions"}],"predecessor-version":[{"id":47,"href":"https:\/\/www.steuerberatung-meier.de\/WP\/wp-json\/wp\/v2\/pages\/5\/revisions\/47"}],"wp:attachment":[{"href":"https:\/\/www.steuerberatung-meier.de\/WP\/wp-json\/wp\/v2\/media?parent=5"}],"curies":[{"name":"wp","href":"https:\/\/api.w.org\/{rel}","templated":true}]}}